{"id":3442,"date":"2025-08-27T11:20:22","date_gmt":"2025-08-27T04:20:22","guid":{"rendered":"https:\/\/changkangkungcom819.mbws.vn\/san-pham\/giant-barb-with-termite-mushroom-sauce"},"modified":"2025-08-27T11:20:22","modified_gmt":"2025-08-27T04:20:22","slug":"giant-barb-with-termite-mushroom-sauce","status":"publish","type":"product","link":"https:\/\/changkangkung.com\/en\/product\/giant-barb-with-termite-mushroom-sauce","title":{"rendered":"Giant barb with termite mushroom sauce"},"content":{"rendered":"<p><strong>C\u00e1 H\u00f4<\/strong> l\u00e0 lo\u00e0i c\u00e1 thu\u1ed9c d\u00f2ng \u0111\u1eb7c s\u1ea3n qu\u00fd hi\u1ebfm v\u00f9ng <strong>\u0110\u1ed3ng b\u1eb1ng S\u00f4ng C\u1eedu Long<\/strong>, th\u1ecbt c\u00e1 ch\u1ee9a nhi\u1ec1u protein ch\u1ea5t l\u01b0\u1ee3ng cao, <strong>Omega-3 v\u00e0 vitamin D<\/strong>, h\u1ed7 tr\u1ee3 s\u1ee9c kh\u1ecfe tim m\u1ea1ch, c\u1ea3i thi\u1ec7n ch\u1ee9c n\u0103ng n\u00e3o b\u1ed9 v\u00e0 t\u0103ng c\u01b0\u1eddng h\u1ec7 mi\u1ec5n d\u1ecbch.<\/p>\n","protected":false},"excerpt":{"rendered":"<p>C\u00e1 H\u00f4 l\u00e0 lo\u00e0i c\u00e1 thu\u1ed9c d\u00f2ng \u0111\u1eb7c s\u1ea3n qu\u00fd hi\u1ebfm v\u00f9ng \u0110\u1ed3ng b\u1eb1ng S\u00f4ng C\u1eedu Long, th\u1ecbt c\u00e1 ch\u1ee9a nhi\u1ec1u protein ch\u1ea5t l\u01b0\u1ee3ng cao, Omega-3 v\u00e0 vitamin D, h\u1ed7 tr\u1ee3 s\u1ee9c kh\u1ecfe tim m\u1ea1ch, c\u1ea3i thi\u1ec7n ch\u1ee9c n\u0103ng n\u00e3o b\u1ed9 v\u00e0 t\u0103ng c\u01b0\u1eddng h\u1ec7 mi\u1ec5n d\u1ecbch.<\/p>\n","protected":false},"featured_media":1917,"comment_status":"open","ping_status":"closed","template":"","meta":{"inline_featured_image":false},"product_brand":[],"product_cat":[70],"product_tag":[],"class_list":{"0":"post-3442","1":"product","2":"type-product","3":"status-publish","4":"has-post-thumbnail","6":"product_cat-fish","8":"first","9":"instock","10":"shipping-taxable","11":"purchasable","12":"product-type-simple"},"acf":[],"_links":{"self":[{"href":"https:\/\/changkangkung.com\/en\/wp-json\/wp\/v2\/product\/3442","targetHints":{"allow":["GET"]}}],"collection":[{"href":"https:\/\/changkangkung.com\/en\/wp-json\/wp\/v2\/product"}],"about":[{"href":"https:\/\/changkangkung.com\/en\/wp-json\/wp\/v2\/types\/product"}],"replies":[{"embeddable":true,"href":"https:\/\/changkangkung.com\/en\/wp-json\/wp\/v2\/comments?post=3442"}],"wp:featuredmedia":[{"embeddable":true,"href":"https:\/\/changkangkung.com\/en\/wp-json\/wp\/v2\/media\/1917"}],"wp:attachment":[{"href":"https:\/\/changkangkung.com\/en\/wp-json\/wp\/v2\/media?parent=3442"}],"wp:term":[{"taxonomy":"product_brand","embeddable":true,"href":"https:\/\/changkangkung.com\/en\/wp-json\/wp\/v2\/product_brand?post=3442"},{"taxonomy":"product_cat","embeddable":true,"href":"https:\/\/changkangkung.com\/en\/wp-json\/wp\/v2\/product_cat?post=3442"},{"taxonomy":"product_tag","embeddable":true,"href":"https:\/\/changkangkung.com\/en\/wp-json\/wp\/v2\/product_tag?post=3442"}],"curies":[{"name":"wp","href":"https:\/\/api.w.org\/{rel}","templated":true}]}}