{"id":3450,"date":"2025-08-27T12:16:07","date_gmt":"2025-08-27T05:16:07","guid":{"rendered":"https:\/\/changkangkungcom819.mbws.vn\/san-pham\/abalone-stewed-with-chestnuts"},"modified":"2025-08-27T12:16:07","modified_gmt":"2025-08-27T05:16:07","slug":"abalone-stewed-with-chestnuts","status":"publish","type":"product","link":"https:\/\/changkangkung.com\/en\/product\/abalone-stewed-with-chestnuts","title":{"rendered":"Abalone Stewed with Chestnuts"},"content":{"rendered":"<p><strong>B\u00e0o Ng\u01b0 h\u1ea7m h\u1ea1t d\u1ebb<\/strong> l\u00e0 s\u1ef1 k\u1ebft h\u1ee3p ho\u00e0n h\u1ea3o gi\u1eefa dinh d\u01b0\u1ee1ng to\u00e0n di\u1ec7n v\u00e0 l\u1ee3i \u00edch v\u01b0\u1ee3t tr\u1ed9i cho s\u1ee9c kh\u1ecfe. B\u00e0o Ng\u01b0, m\u1ed9t lo\u1ea1i h\u1ea3i s\u1ea3n cao c\u1ea5p gi\u00e0u Omega-3, gi\u00fap duy tr\u00ec s\u1ee9c kh\u1ecfe tim m\u1ea1ch, trong khi h\u1ea1t d\u1ebb b\u1ed5 sung ch\u1ea5t x\u01a1, vitamin v\u00e0 c\u00e1c kho\u00e1ng ch\u1ea5t thi\u1ebft y\u1ebfu, h\u1ed7 tr\u1ee3 ti\u00eau h\u00f3a v\u00e0 t\u0103ng c\u01b0\u1eddng s\u1ee9c \u0111\u1ec1 kh\u00e1ng.<\/p>\n","protected":false},"excerpt":{"rendered":"<p>B\u00e0o Ng\u01b0 h\u1ea7m h\u1ea1t d\u1ebb l\u00e0 s\u1ef1 k\u1ebft h\u1ee3p ho\u00e0n h\u1ea3o gi\u1eefa dinh d\u01b0\u1ee1ng to\u00e0n di\u1ec7n v\u00e0 l\u1ee3i \u00edch v\u01b0\u1ee3t tr\u1ed9i cho s\u1ee9c kh\u1ecfe. B\u00e0o Ng\u01b0, m\u1ed9t lo\u1ea1i h\u1ea3i s\u1ea3n cao c\u1ea5p gi\u00e0u Omega-3, gi\u00fap duy tr\u00ec s\u1ee9c kh\u1ecfe tim m\u1ea1ch, trong khi h\u1ea1t d\u1ebb b\u1ed5 sung ch\u1ea5t x\u01a1, vitamin v\u00e0 c\u00e1c kho\u00e1ng ch\u1ea5t thi\u1ebft&#8230;<\/p>\n","protected":false},"featured_media":2057,"comment_status":"open","ping_status":"closed","template":"","meta":{"inline_featured_image":false},"product_brand":[],"product_cat":[72],"product_tag":[],"class_list":{"0":"post-3450","1":"product","2":"type-product","3":"status-publish","4":"has-post-thumbnail","6":"product_cat-seafood","8":"first","9":"instock","10":"shipping-taxable","11":"purchasable","12":"product-type-simple"},"acf":[],"_links":{"self":[{"href":"https:\/\/changkangkung.com\/en\/wp-json\/wp\/v2\/product\/3450","targetHints":{"allow":["GET"]}}],"collection":[{"href":"https:\/\/changkangkung.com\/en\/wp-json\/wp\/v2\/product"}],"about":[{"href":"https:\/\/changkangkung.com\/en\/wp-json\/wp\/v2\/types\/product"}],"replies":[{"embeddable":true,"href":"https:\/\/changkangkung.com\/en\/wp-json\/wp\/v2\/comments?post=3450"}],"wp:featuredmedia":[{"embeddable":true,"href":"https:\/\/changkangkung.com\/en\/wp-json\/wp\/v2\/media\/2057"}],"wp:attachment":[{"href":"https:\/\/changkangkung.com\/en\/wp-json\/wp\/v2\/media?parent=3450"}],"wp:term":[{"taxonomy":"product_brand","embeddable":true,"href":"https:\/\/changkangkung.com\/en\/wp-json\/wp\/v2\/product_brand?post=3450"},{"taxonomy":"product_cat","embeddable":true,"href":"https:\/\/changkangkung.com\/en\/wp-json\/wp\/v2\/product_cat?post=3450"},{"taxonomy":"product_tag","embeddable":true,"href":"https:\/\/changkangkung.com\/en\/wp-json\/wp\/v2\/product_tag?post=3450"}],"curies":[{"name":"wp","href":"https:\/\/api.w.org\/{rel}","templated":true}]}}