{"id":3481,"date":"2025-08-27T13:07:35","date_gmt":"2025-08-27T06:07:35","guid":{"rendered":"https:\/\/changkangkungcom819.mbws.vn\/san-pham\/termite-mushrooms"},"modified":"2025-08-27T13:07:35","modified_gmt":"2025-08-27T06:07:35","slug":"termite-mushrooms","status":"publish","type":"product","link":"https:\/\/changkangkung.com\/en\/product\/termite-mushrooms","title":{"rendered":"Termite Mushrooms"},"content":{"rendered":"<p><strong>N\u1ea5m M\u1ed1i<\/strong>, m\u1ed9t trong nh\u1eefng lo\u1ea1i n\u1ea5m qu\u00fd hi\u1ebfm n\u1ed5i b\u1eadt v\u1edbi v\u1ecb ng\u1ecdt thanh v\u00e0 gi\u00f2n nh\u1eb9. Khi h\u1ea5p, n\u1ea5m kh\u00f4ng ch\u1ec9 gi\u1eef nguy\u00ean \u0111\u01b0\u1ee3c h\u00e0m l\u01b0\u1ee3ng vitamin v\u00e0 kho\u00e1ng ch\u1ea5t m\u00e0 c\u00f2n n\u00e2ng cao gi\u00e1 tr\u1ecb dinh d\u01b0\u1ee1ng c\u1ee7a n\u1ea5m. Qu\u00e1 tr\u00ecnh h\u1ea5p gi\u00fap b\u1ea3o to\u00e0n c\u00e1c ch\u1ea5t ch\u1ed1ng oxy h\u00f3a v\u00e0 enzym c\u00f3 l\u1ee3i, \u0111\u1ed3ng th\u1eddi gi\u1ea3m thi\u1ec3u s\u1ef1 m\u1ea5t m\u00e1t c\u1ee7a c\u00e1c ch\u1ea5t dinh d\u01b0\u1ee1ng thi\u1ebft y\u1ebfu trong n\u1ea5m, kh\u00f4ng ch\u1ec9 h\u1ed7 tr\u1ee3 s\u1ee9c kh\u1ecfe tim m\u1ea1ch v\u00e0 ti\u00eau h\u00f3a m\u00e0 c\u00f2n cung c\u1ea5p n\u0103ng l\u01b0\u1ee3ng v\u00e0 t\u0103ng c\u01b0\u1eddng h\u1ec7 mi\u1ec5n d\u1ecbch.<\/p>\n","protected":false},"excerpt":{"rendered":"<p>N\u1ea5m M\u1ed1i, m\u1ed9t trong nh\u1eefng lo\u1ea1i n\u1ea5m qu\u00fd hi\u1ebfm n\u1ed5i b\u1eadt v\u1edbi v\u1ecb ng\u1ecdt thanh v\u00e0 gi\u00f2n nh\u1eb9. Khi h\u1ea5p, n\u1ea5m kh\u00f4ng ch\u1ec9 gi\u1eef nguy\u00ean \u0111\u01b0\u1ee3c h\u00e0m l\u01b0\u1ee3ng vitamin v\u00e0 kho\u00e1ng ch\u1ea5t m\u00e0 c\u00f2n n\u00e2ng cao gi\u00e1 tr\u1ecb dinh d\u01b0\u1ee1ng c\u1ee7a n\u1ea5m. Qu\u00e1 tr\u00ecnh h\u1ea5p gi\u00fap b\u1ea3o to\u00e0n c\u00e1c ch\u1ea5t ch\u1ed1ng oxy h\u00f3a v\u00e0 enzym&#8230;<\/p>\n","protected":false},"featured_media":2184,"comment_status":"open","ping_status":"closed","template":"","meta":{"inline_featured_image":false},"product_brand":[],"product_cat":[75],"product_tag":[],"class_list":{"0":"post-3481","1":"product","2":"type-product","3":"status-publish","4":"has-post-thumbnail","6":"product_cat-set-rau-cu-en","8":"first","9":"instock","10":"shipping-taxable","11":"purchasable","12":"product-type-simple"},"acf":[],"_links":{"self":[{"href":"https:\/\/changkangkung.com\/en\/wp-json\/wp\/v2\/product\/3481","targetHints":{"allow":["GET"]}}],"collection":[{"href":"https:\/\/changkangkung.com\/en\/wp-json\/wp\/v2\/product"}],"about":[{"href":"https:\/\/changkangkung.com\/en\/wp-json\/wp\/v2\/types\/product"}],"replies":[{"embeddable":true,"href":"https:\/\/changkangkung.com\/en\/wp-json\/wp\/v2\/comments?post=3481"}],"wp:featuredmedia":[{"embeddable":true,"href":"https:\/\/changkangkung.com\/en\/wp-json\/wp\/v2\/media\/2184"}],"wp:attachment":[{"href":"https:\/\/changkangkung.com\/en\/wp-json\/wp\/v2\/media?parent=3481"}],"wp:term":[{"taxonomy":"product_brand","embeddable":true,"href":"https:\/\/changkangkung.com\/en\/wp-json\/wp\/v2\/product_brand?post=3481"},{"taxonomy":"product_cat","embeddable":true,"href":"https:\/\/changkangkung.com\/en\/wp-json\/wp\/v2\/product_cat?post=3481"},{"taxonomy":"product_tag","embeddable":true,"href":"https:\/\/changkangkung.com\/en\/wp-json\/wp\/v2\/product_tag?post=3481"}],"curies":[{"name":"wp","href":"https:\/\/api.w.org\/{rel}","templated":true}]}}