{"id":3514,"date":"2025-08-27T13:23:21","date_gmt":"2025-08-27T06:23:21","guid":{"rendered":"https:\/\/changkangkungcom819.mbws.vn\/san-pham\/healthy-combo"},"modified":"2025-08-27T13:23:21","modified_gmt":"2025-08-27T06:23:21","slug":"healthy-combo","status":"publish","type":"product","link":"https:\/\/changkangkung.com\/en\/product\/healthy-combo","title":{"rendered":"Healthy Combo"},"content":{"rendered":"<table width=\"422\">\n<tbody>\n<tr>\n<td width=\"50\">1<\/td>\n<td width=\"372\">C06 &#8211; C\u00e1 M\u00fa \u00dac h\u1ea5p H\u1ed3ng K\u00f4ng<\/td>\n<\/tr>\n<tr>\n<td>2<\/td>\n<td>M04 &#8211; N\u1ea1c gi\u00f2n heo h\u1ea5p b\u00ed ng\u00f2i vua<\/td>\n<\/tr>\n<tr>\n<td>3<\/td>\n<td>M08 &#8211; G\u00e0 h\u1ea5p t\u00e0u h\u1ee7 ky<\/td>\n<\/tr>\n<tr>\n<td>4<\/td>\n<td>H16 &#8211; M\u1ef1c \u1ed1ng \u0111\u1ea1i d\u01b0\u01a1ng h\u1ea5p chu\u1ed1i xanh<\/td>\n<\/tr>\n<tr>\n<td>5<\/td>\n<td>H05 &#8211; Ngh\u00eau G\u00f2 C\u00f4ng h\u1ea5p l\u00e1 qu\u1ebf<\/td>\n<\/tr>\n<tr>\n<td>6<\/td>\n<td>V02 &#8211; M\u01b0\u1edbp h\u01b0\u01a1ng nh\u00e2n t\u00f4m<\/td>\n<\/tr>\n<tr>\n<td>7<\/td>\n<td>D08 &#8211; S\u1ee7i c\u1ea3o cu\u1ed9n t\u00f4m<\/td>\n<\/tr>\n<tr>\n<td>8<\/td>\n<td>R02 &#8211; Set &#8220;\u0110\u1eb9p&#8221;<\/td>\n<\/tr>\n<tr>\n<td>9<\/td>\n<td>K01 &#8211; Tr\u1ee9ng mu\u1ed1i<\/td>\n<\/tr>\n<tr>\n<td>10<\/td>\n<td>K05 &#8211; S\u01b0\u1eddn non heo<\/td>\n<\/tr>\n<\/tbody>\n<\/table>\n","protected":false},"excerpt":{"rendered":"<p>1 C06 &#8211; C\u00e1 M\u00fa \u00dac h\u1ea5p H\u1ed3ng K\u00f4ng 2 M04 &#8211; N\u1ea1c gi\u00f2n heo h\u1ea5p b\u00ed ng\u00f2i vua 3 M08 &#8211; G\u00e0 h\u1ea5p t\u00e0u h\u1ee7 ky 4 H16 &#8211; M\u1ef1c \u1ed1ng \u0111\u1ea1i d\u01b0\u01a1ng h\u1ea5p chu\u1ed1i xanh 5 H05 &#8211; Ngh\u00eau G\u00f2 C\u00f4ng h\u1ea5p l\u00e1 qu\u1ebf 6 V02 &#8211; M\u01b0\u1edbp h\u01b0\u01a1ng nh\u00e2n t\u00f4m 7 D08&#8230;<\/p>\n","protected":false},"featured_media":4081,"comment_status":"open","ping_status":"closed","template":"","meta":{"inline_featured_image":false},"product_brand":[],"product_cat":[79],"product_tag":[],"class_list":{"0":"post-3514","1":"product","2":"type-product","3":"status-publish","4":"has-post-thumbnail","6":"product_cat-combo-en","8":"first","9":"instock","10":"shipping-taxable","11":"purchasable","12":"product-type-simple"},"acf":[],"_links":{"self":[{"href":"https:\/\/changkangkung.com\/en\/wp-json\/wp\/v2\/product\/3514","targetHints":{"allow":["GET"]}}],"collection":[{"href":"https:\/\/changkangkung.com\/en\/wp-json\/wp\/v2\/product"}],"about":[{"href":"https:\/\/changkangkung.com\/en\/wp-json\/wp\/v2\/types\/product"}],"replies":[{"embeddable":true,"href":"https:\/\/changkangkung.com\/en\/wp-json\/wp\/v2\/comments?post=3514"}],"wp:featuredmedia":[{"embeddable":true,"href":"https:\/\/changkangkung.com\/en\/wp-json\/wp\/v2\/media\/4081"}],"wp:attachment":[{"href":"https:\/\/changkangkung.com\/en\/wp-json\/wp\/v2\/media?parent=3514"}],"wp:term":[{"taxonomy":"product_brand","embeddable":true,"href":"https:\/\/changkangkung.com\/en\/wp-json\/wp\/v2\/product_brand?post=3514"},{"taxonomy":"product_cat","embeddable":true,"href":"https:\/\/changkangkung.com\/en\/wp-json\/wp\/v2\/product_cat?post=3514"},{"taxonomy":"product_tag","embeddable":true,"href":"https:\/\/changkangkung.com\/en\/wp-json\/wp\/v2\/product_tag?post=3514"}],"curies":[{"name":"wp","href":"https:\/\/api.w.org\/{rel}","templated":true}]}}