{"id":3516,"date":"2025-08-27T13:18:54","date_gmt":"2025-08-27T06:18:54","guid":{"rendered":"https:\/\/changkangkungcom819.mbws.vn\/san-pham\/attractive-combo"},"modified":"2025-08-27T13:18:54","modified_gmt":"2025-08-27T06:18:54","slug":"attractive-combo","status":"publish","type":"product","link":"https:\/\/changkangkung.com\/en\/product\/attractive-combo","title":{"rendered":"Attractive Combo"},"content":{"rendered":"<table width=\"422\">\n<tbody>\n<tr>\n<td width=\"50\">1<\/td>\n<td width=\"372\">S\u00fap h\u1ea3i s\u1ea3n rong bi\u1ec3n<\/td>\n<\/tr>\n<tr>\n<td>2<\/td>\n<td>Ba r\u1ecdi b\u00f2 h\u1ea5p n\u1ea5m kim ch\u00e2m<\/td>\n<\/tr>\n<tr>\n<td>3<\/td>\n<td>G\u00e0 h\u1ea5p t\u00e0u h\u1ee7 ky<\/td>\n<\/tr>\n<tr>\n<td>4<\/td>\n<td>Ngh\u00eau G\u00f2 C\u00f4ng h\u1ea5p l\u00e1 qu\u1ebf<\/td>\n<\/tr>\n<tr>\n<td>5<\/td>\n<td>Nh\u00e2n s\u00f2 \u0111i\u1ec7p h\u1ea5p n\u1ea5m<\/td>\n<\/tr>\n<tr>\n<td>6<\/td>\n<td>H\u00e1 c\u1ea3o t\u00f4m rau<\/td>\n<\/tr>\n<tr>\n<td>7<\/td>\n<td>Set &#8220;T\u01b0\u01a1i&#8221;<\/td>\n<\/tr>\n<tr>\n<td>8<\/td>\n<td>Tr\u1ee9ng mu\u1ed1i<\/td>\n<\/tr>\n<\/tbody>\n<\/table>\n","protected":false},"excerpt":{"rendered":"<p>+ \u00c1p d\u1ee5ng to\u00e0n b\u1ed9 chi nh\u00e1nh CHANG KANG KUNG<br \/>\n+ Th\u1eddi gian t\u1eeb 11:00 &#8211; 16:00 t\u1eeb Th\u1ee9 2 \u0111\u1ebfn Th\u1ee9 6 (Kh\u00f4ng hi\u1ec3n th\u1ecb c\u00e1c ng\u00e0y L\u1ec5\/T\u1ebft, Th\u1ee9 b\u1ea3y, Ch\u1ee7 nh\u1eadt)<br \/>\n+ T\u00ean n\u00fat b\u1ea5m: GG COMBO H\u1ea4P D\u1eaaN 30%<br \/>\n+ Gi\u00e1 tr\u1ecb GG: 249.000 \u0111\u1ed3ng<br \/>\n+ Lo\u1ea1i GG: GG m\u00f3n \u0103n<br \/>\n+ GG tr\u01b0\u1edbc VAT<\/p>\n","protected":false},"featured_media":4078,"comment_status":"open","ping_status":"closed","template":"","meta":{"inline_featured_image":false},"product_brand":[],"product_cat":[79],"product_tag":[],"class_list":{"0":"post-3516","1":"product","2":"type-product","3":"status-publish","4":"has-post-thumbnail","6":"product_cat-combo-en","8":"first","9":"instock","10":"sale","11":"shipping-taxable","12":"purchasable","13":"product-type-simple"},"acf":[],"_links":{"self":[{"href":"https:\/\/changkangkung.com\/en\/wp-json\/wp\/v2\/product\/3516","targetHints":{"allow":["GET"]}}],"collection":[{"href":"https:\/\/changkangkung.com\/en\/wp-json\/wp\/v2\/product"}],"about":[{"href":"https:\/\/changkangkung.com\/en\/wp-json\/wp\/v2\/types\/product"}],"replies":[{"embeddable":true,"href":"https:\/\/changkangkung.com\/en\/wp-json\/wp\/v2\/comments?post=3516"}],"wp:featuredmedia":[{"embeddable":true,"href":"https:\/\/changkangkung.com\/en\/wp-json\/wp\/v2\/media\/4078"}],"wp:attachment":[{"href":"https:\/\/changkangkung.com\/en\/wp-json\/wp\/v2\/media?parent=3516"}],"wp:term":[{"taxonomy":"product_brand","embeddable":true,"href":"https:\/\/changkangkung.com\/en\/wp-json\/wp\/v2\/product_brand?post=3516"},{"taxonomy":"product_cat","embeddable":true,"href":"https:\/\/changkangkung.com\/en\/wp-json\/wp\/v2\/product_cat?post=3516"},{"taxonomy":"product_tag","embeddable":true,"href":"https:\/\/changkangkung.com\/en\/wp-json\/wp\/v2\/product_tag?post=3516"}],"curies":[{"name":"wp","href":"https:\/\/api.w.org\/{rel}","templated":true}]}}