{"id":4128,"date":"2026-04-15T10:19:54","date_gmt":"2026-04-15T03:19:54","guid":{"rendered":"https:\/\/changkangkungcom819.mbws.vn\/?post_type=product&#038;p=4128"},"modified":"2026-04-15T15:03:04","modified_gmt":"2026-04-15T08:03:04","slug":"premium-combo","status":"publish","type":"product","link":"https:\/\/changkangkung.com\/en\/product\/premium-combo","title":{"rendered":"Premium Combo"},"content":{"rendered":"<table style=\"height: 231px;\">\n<tbody>\n<tr style=\"height: 21px;\">\n<td style=\"height: 21px; width: 48.725px;\">1<\/td>\n<td style=\"height: 21px; width: 359.675px;\">\u1ed0c h\u01b0\u01a1ng x\u1ed1t ph\u00f4 mai ho\u00e0ng kim<\/td>\n<\/tr>\n<tr style=\"height: 21px;\">\n<td style=\"height: 21px; width: 48.725px;\">2<\/td>\n<td style=\"height: 21px; width: 359.675px;\">L\u00f5i vai heo Iberico h\u1ea5p ng\u1ed3ng t\u1ecfi<\/td>\n<\/tr>\n<tr style=\"height: 21px;\">\n<td style=\"height: 21px; width: 48.725px;\">3<\/td>\n<td style=\"height: 21px; width: 359.675px;\">M\u1ef1c \u1ed1ng \u0111\u1ea1i d\u01b0\u01a1ng h\u1ea5p chu\u1ed1i xanh<\/td>\n<\/tr>\n<tr style=\"height: 21px;\">\n<td style=\"height: 21px; width: 48.725px;\">4<\/td>\n<td style=\"height: 21px; width: 359.675px;\">C\u00e1 h\u00f4 ti\u1ebfn vua h\u1ea5p t\u1ecfi t\u00e2y<\/td>\n<\/tr>\n<tr style=\"height: 21px;\">\n<td style=\"height: 21px; width: 48.725px;\">5<\/td>\n<td style=\"height: 21px; width: 359.675px;\">D\u1ebb s\u01b0\u1eddn b\u00f2 h\u1ea5p m\u0103ng t\u00e2y<\/td>\n<\/tr>\n<tr style=\"height: 21px;\">\n<td style=\"height: 21px; width: 48.725px;\">6<\/td>\n<td style=\"height: 21px; width: 359.675px;\">Ngao s\u1ea7n l\u01b0\u1ee1i \u0111\u1ecf h\u1ea5p l\u00e1 qu\u1ebf<\/td>\n<\/tr>\n<tr style=\"height: 21px;\">\n<td style=\"height: 21px; width: 48.725px;\">7<\/td>\n<td style=\"height: 21px; width: 359.675px;\">M\u01b0\u1edbp h\u01b0\u01a1ng nh\u00e2n t\u00f4m<\/td>\n<\/tr>\n<tr style=\"height: 21px;\">\n<td style=\"height: 21px; width: 48.725px;\">8<\/td>\n<td style=\"height: 21px; width: 359.675px;\">B\u00e1nh bao kim sa<\/td>\n<\/tr>\n<tr style=\"height: 21px;\">\n<td style=\"height: 21px; width: 48.725px;\">9<\/td>\n<td style=\"height: 21px; width: 359.675px;\">Set &#8220;Xanh&#8221;<\/td>\n<\/tr>\n<tr style=\"height: 21px;\">\n<td style=\"height: 21px; width: 48.725px;\">10<\/td>\n<td style=\"height: 21px; width: 359.675px;\">Tr\u1ee9ng mu\u1ed1i<\/td>\n<\/tr>\n<tr style=\"height: 21px;\">\n<td style=\"width: 48.725px; height: 21px;\">11<\/td>\n<td style=\"width: 359.675px; height: 21px;\">S\u01b0\u1eddn non heo<\/td>\n<\/tr>\n<\/tbody>\n<\/table>\n","protected":false},"excerpt":{"rendered":"<p>1 \u1ed0c h\u01b0\u01a1ng x\u1ed1t ph\u00f4 mai ho\u00e0ng kim 2 L\u00f5i vai heo Iberico h\u1ea5p ng\u1ed3ng t\u1ecfi 3 M\u1ef1c \u1ed1ng \u0111\u1ea1i d\u01b0\u01a1ng h\u1ea5p chu\u1ed1i xanh 4 C\u00e1 h\u00f4 ti\u1ebfn vua h\u1ea5p t\u1ecfi t\u00e2y 5 D\u1ebb s\u01b0\u1eddn b\u00f2 h\u1ea5p m\u0103ng t\u00e2y 6 Ngao s\u1ea7n l\u01b0\u1ee1i \u0111\u1ecf h\u1ea5p l\u00e1 qu\u1ebf 7 M\u01b0\u1edbp h\u01b0\u01a1ng nh\u00e2n t\u00f4m 8 B\u00e1nh bao&#8230;<\/p>\n","protected":false},"featured_media":4085,"comment_status":"open","ping_status":"closed","template":"","meta":{"inline_featured_image":false},"product_brand":[],"product_cat":[28,79],"product_tag":[],"class_list":{"0":"post-4128","1":"product","2":"type-product","3":"status-publish","4":"has-post-thumbnail","6":"product_cat-main-course","7":"product_cat-combo-en","9":"first","10":"instock","11":"shipping-taxable","12":"purchasable","13":"product-type-simple"},"acf":[],"_links":{"self":[{"href":"https:\/\/changkangkung.com\/en\/wp-json\/wp\/v2\/product\/4128","targetHints":{"allow":["GET"]}}],"collection":[{"href":"https:\/\/changkangkung.com\/en\/wp-json\/wp\/v2\/product"}],"about":[{"href":"https:\/\/changkangkung.com\/en\/wp-json\/wp\/v2\/types\/product"}],"replies":[{"embeddable":true,"href":"https:\/\/changkangkung.com\/en\/wp-json\/wp\/v2\/comments?post=4128"}],"wp:featuredmedia":[{"embeddable":true,"href":"https:\/\/changkangkung.com\/en\/wp-json\/wp\/v2\/media\/4085"}],"wp:attachment":[{"href":"https:\/\/changkangkung.com\/en\/wp-json\/wp\/v2\/media?parent=4128"}],"wp:term":[{"taxonomy":"product_brand","embeddable":true,"href":"https:\/\/changkangkung.com\/en\/wp-json\/wp\/v2\/product_brand?post=4128"},{"taxonomy":"product_cat","embeddable":true,"href":"https:\/\/changkangkung.com\/en\/wp-json\/wp\/v2\/product_cat?post=4128"},{"taxonomy":"product_tag","embeddable":true,"href":"https:\/\/changkangkung.com\/en\/wp-json\/wp\/v2\/product_tag?post=4128"}],"curies":[{"name":"wp","href":"https:\/\/api.w.org\/{rel}","templated":true}]}}