{"id":5049,"date":"2025-08-27T11:51:43","date_gmt":"2025-08-27T04:51:43","guid":{"rendered":"https:\/\/changkangkung.com\/san-pham\/hau-nhat-hyogo-phan"},"modified":"2026-04-18T14:42:43","modified_gmt":"2026-04-18T07:42:43","slug":"%e6%97%a5%e6%9c%ac%e5%85%b5%e5%ba%93%e7%94%9f%e8%9a%9d%ef%bc%88%e4%bb%bd%ef%bc%89","status":"publish","type":"product","link":"https:\/\/changkangkung.com\/zh-hans\/\u4ea7\u54c1\/%e6%97%a5%e6%9c%ac%e5%85%b5%e5%ba%93%e7%94%9f%e8%9a%9d%ef%bc%88%e4%bb%bd%ef%bc%89","title":{"rendered":"\u65e5\u672c\u5175\u5e93\u751f\u869d\uff08\u4efd\uff09"},"content":{"rendered":"<p><strong>H\u00e0u Hyogo<\/strong> l\u00e0 lo\u1ea1i h\u00e0u ngon n\u1ed5i ti\u1ebfng nh\u1ea5t Nh\u1eadt B\u1ea3n, \u0111\u01b0\u1ee3c nu\u00f4i t\u1ea1i V\u1ecbnh Murotsu n\u1eb1m gi\u1eefa 2 d\u00f2ng su\u1ed1i mang ngu\u1ed3n n\u01b0\u1edbc t\u1eeb n\u00fai ch\u1ea3y xu\u1ed1ng s\u00f4ng v\u00e0 \u0111\u1ed5 ra V\u1ecbnh, \u0111\u1ecba h\u00ecnh n\u00e0y \u0111\u00e3 l\u00e0m cho ngu\u1ed3n n\u01b0\u1edbc v\u00f9ng V\u1ecbnh Murotsu gi\u00e0u phytoplankton, ngu\u1ed3n th\u1ee9c \u0103n t\u1ed1t nh\u1ea5t cho h\u00e0u.<\/p>\n<p>H\u00e0u Hyogo kh\u00f4ng ch\u1ec9 n\u1ed5i ti\u1ebfng b\u1edfi th\u1ecbt d\u00e0y v\u00e0 ng\u1ecdt, gi\u00e1 tr\u1ecb dinh d\u01b0\u1ee1ng cao m\u00e0 c\u00f2n \u0111\u01b0\u1ee3c bi\u1ebft \u0111\u1ebfn l\u00e0 lo\u1ea1i h\u00e0u <strong>S\u1ea0CH NH\u1ea4T TH\u1ebe GI\u1edaI<\/strong>.<\/p>\n","protected":false},"excerpt":{"rendered":"<p>H\u00e0u Hyogo l\u00e0 lo\u1ea1i h\u00e0u ngon n\u1ed5i ti\u1ebfng nh\u1ea5t Nh\u1eadt B\u1ea3n, \u0111\u01b0\u1ee3c nu\u00f4i t\u1ea1i V\u1ecbnh Murotsu n\u1eb1m gi\u1eefa 2 d\u00f2ng su\u1ed1i mang ngu\u1ed3n n\u01b0\u1edbc t\u1eeb n\u00fai ch\u1ea3y xu\u1ed1ng s\u00f4ng v\u00e0 \u0111\u1ed5 ra V\u1ecbnh, \u0111\u1ecba h\u00ecnh n\u00e0y \u0111\u00e3 l\u00e0m cho ngu\u1ed3n n\u01b0\u1edbc v\u00f9ng V\u1ecbnh Murotsu gi\u00e0u phytoplankton, ngu\u1ed3n th\u1ee9c \u0103n t\u1ed1t nh\u1ea5t cho h\u00e0u. H\u00e0u Hyogo&#8230;<\/p>\n","protected":false},"featured_media":4652,"comment_status":"open","ping_status":"closed","template":"","meta":{"inline_featured_image":false},"product_brand":[],"product_cat":[122],"product_tag":[],"class_list":{"0":"post-5049","1":"product","2":"type-product","3":"status-publish","4":"has-post-thumbnail","6":"product_cat-122","8":"first","9":"instock","10":"shipping-taxable","11":"purchasable","12":"product-type-simple"},"acf":[],"_links":{"self":[{"href":"https:\/\/changkangkung.com\/zh-hans\/wp-json\/wp\/v2\/product\/5049","targetHints":{"allow":["GET"]}}],"collection":[{"href":"https:\/\/changkangkung.com\/zh-hans\/wp-json\/wp\/v2\/product"}],"about":[{"href":"https:\/\/changkangkung.com\/zh-hans\/wp-json\/wp\/v2\/types\/product"}],"replies":[{"embeddable":true,"href":"https:\/\/changkangkung.com\/zh-hans\/wp-json\/wp\/v2\/comments?post=5049"}],"wp:featuredmedia":[{"embeddable":true,"href":"https:\/\/changkangkung.com\/zh-hans\/wp-json\/wp\/v2\/media\/4652"}],"wp:attachment":[{"href":"https:\/\/changkangkung.com\/zh-hans\/wp-json\/wp\/v2\/media?parent=5049"}],"wp:term":[{"taxonomy":"product_brand","embeddable":true,"href":"https:\/\/changkangkung.com\/zh-hans\/wp-json\/wp\/v2\/product_brand?post=5049"},{"taxonomy":"product_cat","embeddable":true,"href":"https:\/\/changkangkung.com\/zh-hans\/wp-json\/wp\/v2\/product_cat?post=5049"},{"taxonomy":"product_tag","embeddable":true,"href":"https:\/\/changkangkung.com\/zh-hans\/wp-json\/wp\/v2\/product_tag?post=5049"}],"curies":[{"name":"wp","href":"https:\/\/api.w.org\/{rel}","templated":true}]}}